{"id":54,"date":"2020-11-10T01:17:26","date_gmt":"2020-11-10T01:17:26","guid":{"rendered":"https:\/\/c-sucre.com\/?page_id=54"},"modified":"2021-01-19T22:29:04","modified_gmt":"2021-01-20T03:29:04","slug":"accueil","status":"publish","type":"page","link":"https:\/\/www.c-sucre.com\/fr\/","title":{"rendered":"Accueil"},"content":{"rendered":"<div class=\"woocommerce columns-3 \"><ul class=\"products columns-3\">\n<li class=\"product type-product post-3203 status-publish first instock product_cat-cupcakes-fr product_cat-fete-des-meres has-post-thumbnail purchasable product-type-variable\">\n\t<a href=\"https:\/\/www.c-sucre.com\/fr\/produit\/bouquet-de-cupcakes-fete-des-meres\/\" class=\"woocommerce-LoopProduct-link woocommerce-loop-product__link\"><img loading=\"lazy\" decoding=\"async\" width=\"1600\" height=\"1600\" src=\"https:\/\/www.c-sucre.com\/wp-content\/uploads\/2025\/04\/IMG_4323.jpeg\" class=\"attachment-full size-full\" alt=\"Bouquet de cupcakes\" srcset=\"https:\/\/www.c-sucre.com\/wp-content\/uploads\/2025\/04\/IMG_4323.jpeg 1600w, https:\/\/www.c-sucre.com\/wp-content\/uploads\/2025\/04\/IMG_4323-300x300.jpeg 300w, https:\/\/www.c-sucre.com\/wp-content\/uploads\/2025\/04\/IMG_4323-1024x1024.jpeg 1024w, https:\/\/www.c-sucre.com\/wp-content\/uploads\/2025\/04\/IMG_4323-150x150.jpeg 150w, https:\/\/www.c-sucre.com\/wp-content\/uploads\/2025\/04\/IMG_4323-768x768.jpeg 768w, https:\/\/www.c-sucre.com\/wp-content\/uploads\/2025\/04\/IMG_4323-1536x1536.jpeg 1536w, https:\/\/www.c-sucre.com\/wp-content\/uploads\/2025\/04\/IMG_4323-600x600.jpeg 600w, https:\/\/www.c-sucre.com\/wp-content\/uploads\/2025\/04\/IMG_4323-1200x1200.jpeg 1200w, https:\/\/www.c-sucre.com\/wp-content\/uploads\/2025\/04\/IMG_4323-200x200.jpeg 200w\" sizes=\"auto, (max-width: 1600px) 100vw, 1600px\" \/><h2 class=\"woocommerce-loop-product__title\">Bouquet de cupcakes<\/h2>\n\t<span class=\"price\"><span class=\"woocommerce-Price-amount amount\"><bdi>35<span class=\"woocommerce-Price-currencySymbol\">&#36;<\/span><\/bdi><\/span><\/span>\n<\/a><a href=\"https:\/\/www.c-sucre.com\/fr\/produit\/bouquet-de-cupcakes-fete-des-meres\/\" aria-describedby=\"woocommerce_loop_add_to_cart_link_describedby_3203\" data-quantity=\"1\" class=\"button product_type_variable add_to_cart_button\" data-product_id=\"3203\" data-product_sku=\"\" aria-label=\"S\u00e9lectionner les options pour &ldquo;Bouquet de cupcakes&rdquo;\" rel=\"nofollow\">Choix des options<\/a>\t<span id=\"woocommerce_loop_add_to_cart_link_describedby_3203\" class=\"screen-reader-text\">\n\t\tCe produit a plusieurs variations. Les options peuvent \u00eatre choisies sur la page du produit\t<\/span>\n<\/li>\n<li class=\"product type-product post-3227 status-publish instock product_cat-biscuits product_cat-fete-des-meres has-post-thumbnail purchasable product-type-simple\">\n\t<a href=\"https:\/\/www.c-sucre.com\/fr\/produit\/bouquet-de-biscuits-tulipes-fete-des-meres-2025\/\" class=\"woocommerce-LoopProduct-link woocommerce-loop-product__link\"><img loading=\"lazy\" decoding=\"async\" width=\"1600\" height=\"1600\" src=\"https:\/\/www.c-sucre.com\/wp-content\/uploads\/2025\/04\/IMG_0076.jpeg\" class=\"attachment-full size-full\" alt=\"Bouquet de biscuits tulipes\" srcset=\"https:\/\/www.c-sucre.com\/wp-content\/uploads\/2025\/04\/IMG_0076.jpeg 1600w, https:\/\/www.c-sucre.com\/wp-content\/uploads\/2025\/04\/IMG_0076-300x300.jpeg 300w, https:\/\/www.c-sucre.com\/wp-content\/uploads\/2025\/04\/IMG_0076-1024x1024.jpeg 1024w, https:\/\/www.c-sucre.com\/wp-content\/uploads\/2025\/04\/IMG_0076-150x150.jpeg 150w, https:\/\/www.c-sucre.com\/wp-content\/uploads\/2025\/04\/IMG_0076-768x768.jpeg 768w, https:\/\/www.c-sucre.com\/wp-content\/uploads\/2025\/04\/IMG_0076-1536x1536.jpeg 1536w, https:\/\/www.c-sucre.com\/wp-content\/uploads\/2025\/04\/IMG_0076-600x600.jpeg 600w, https:\/\/www.c-sucre.com\/wp-content\/uploads\/2025\/04\/IMG_0076-1200x1200.jpeg 1200w, https:\/\/www.c-sucre.com\/wp-content\/uploads\/2025\/04\/IMG_0076-200x200.jpeg 200w\" sizes=\"auto, (max-width: 1600px) 100vw, 1600px\" \/><h2 class=\"woocommerce-loop-product__title\">Bouquet de biscuits tulipes<\/h2>\n\t<span class=\"price\"><span class=\"woocommerce-Price-amount amount\"><bdi>32<span class=\"woocommerce-Price-currencySymbol\">&#36;<\/span><\/bdi><\/span><\/span>\n<\/a><a href=\"\/fr\/wp-json\/wp\/v2\/pages\/54?add-to-cart=3227\" aria-describedby=\"woocommerce_loop_add_to_cart_link_describedby_3227\" data-quantity=\"1\" class=\"button product_type_simple add_to_cart_button ajax_add_to_cart\" data-product_id=\"3227\" data-product_sku=\"\" aria-label=\"Ajouter au panier\u00a0: &ldquo;Bouquet de biscuits tulipes&rdquo;\" rel=\"nofollow\" data-success_message=\"\u00ab\u00a0Bouquet de biscuits tulipes\u00a0\u00bb a \u00e9t\u00e9 ajout\u00e9 \u00e0 votre panier\" role=\"button\">Ajouter au panier<\/a>\t<span id=\"woocommerce_loop_add_to_cart_link_describedby_3227\" class=\"screen-reader-text\">\n\t\t\t<\/span>\n<\/li>\n<li class=\"product type-product post-3239 status-publish last outofstock product_cat-fete-des-meres has-post-thumbnail purchasable product-type-variable\">\n\t<a href=\"https:\/\/www.c-sucre.com\/fr\/produit\/boite-a-partager-fete-des-meres-theme-fleur\/\" class=\"woocommerce-LoopProduct-link woocommerce-loop-product__link\"><img loading=\"lazy\" decoding=\"async\" width=\"1600\" height=\"1600\" src=\"https:\/\/www.c-sucre.com\/wp-content\/uploads\/2025\/04\/IMG_4327.jpeg\" class=\"attachment-full size-full\" alt=\"Bo\u00eete \u00e0 partager F\u00eate des M\u00e8res th\u00e8me fleur\" srcset=\"https:\/\/www.c-sucre.com\/wp-content\/uploads\/2025\/04\/IMG_4327.jpeg 1600w, https:\/\/www.c-sucre.com\/wp-content\/uploads\/2025\/04\/IMG_4327-300x300.jpeg 300w, https:\/\/www.c-sucre.com\/wp-content\/uploads\/2025\/04\/IMG_4327-1024x1024.jpeg 1024w, https:\/\/www.c-sucre.com\/wp-content\/uploads\/2025\/04\/IMG_4327-150x150.jpeg 150w, https:\/\/www.c-sucre.com\/wp-content\/uploads\/2025\/04\/IMG_4327-768x768.jpeg 768w, https:\/\/www.c-sucre.com\/wp-content\/uploads\/2025\/04\/IMG_4327-1536x1536.jpeg 1536w, https:\/\/www.c-sucre.com\/wp-content\/uploads\/2025\/04\/IMG_4327-600x600.jpeg 600w, https:\/\/www.c-sucre.com\/wp-content\/uploads\/2025\/04\/IMG_4327-1200x1200.jpeg 1200w, https:\/\/www.c-sucre.com\/wp-content\/uploads\/2025\/04\/IMG_4327-200x200.jpeg 200w\" sizes=\"auto, (max-width: 1600px) 100vw, 1600px\" \/><h2 class=\"woocommerce-loop-product__title\">Bo\u00eete \u00e0 partager F\u00eate des M\u00e8res th\u00e8me fleur<\/h2>\n\t<span class=\"price\"><span class=\"woocommerce-Price-amount amount\"><bdi>30<span class=\"woocommerce-Price-currencySymbol\">&#36;<\/span><\/bdi><\/span><\/span>\n<\/a><a href=\"https:\/\/www.c-sucre.com\/fr\/produit\/boite-a-partager-fete-des-meres-theme-fleur\/\" aria-describedby=\"woocommerce_loop_add_to_cart_link_describedby_3239\" data-quantity=\"1\" class=\"button product_type_variable\" data-product_id=\"3239\" data-product_sku=\"\" aria-label=\"S\u00e9lectionner les options pour &ldquo;Bo\u00eete \u00e0 partager F\u00eate des M\u00e8res th\u00e8me fleur&rdquo;\" rel=\"nofollow\">Choix des options<\/a>\t<span id=\"woocommerce_loop_add_to_cart_link_describedby_3239\" class=\"screen-reader-text\">\n\t\tCe produit a plusieurs variations. Les options peuvent \u00eatre choisies sur la page du produit\t<\/span>\n<\/li>\n<li class=\"product type-product post-3231 status-publish first outofstock product_cat-fete-des-meres product_cat-macarons-fr has-post-thumbnail purchasable product-type-simple\">\n\t<a href=\"https:\/\/www.c-sucre.com\/fr\/produit\/macarons-fete-des-meres\/\" class=\"woocommerce-LoopProduct-link woocommerce-loop-product__link\"><img loading=\"lazy\" decoding=\"async\" width=\"1600\" height=\"1600\" src=\"https:\/\/www.c-sucre.com\/wp-content\/uploads\/2025\/04\/IMG_3851.jpeg\" class=\"attachment-full size-full\" alt=\"Macarons\" srcset=\"https:\/\/www.c-sucre.com\/wp-content\/uploads\/2025\/04\/IMG_3851.jpeg 1600w, https:\/\/www.c-sucre.com\/wp-content\/uploads\/2025\/04\/IMG_3851-300x300.jpeg 300w, https:\/\/www.c-sucre.com\/wp-content\/uploads\/2025\/04\/IMG_3851-1024x1024.jpeg 1024w, https:\/\/www.c-sucre.com\/wp-content\/uploads\/2025\/04\/IMG_3851-150x150.jpeg 150w, https:\/\/www.c-sucre.com\/wp-content\/uploads\/2025\/04\/IMG_3851-768x768.jpeg 768w, https:\/\/www.c-sucre.com\/wp-content\/uploads\/2025\/04\/IMG_3851-1536x1536.jpeg 1536w, https:\/\/www.c-sucre.com\/wp-content\/uploads\/2025\/04\/IMG_3851-600x600.jpeg 600w, https:\/\/www.c-sucre.com\/wp-content\/uploads\/2025\/04\/IMG_3851-1200x1200.jpeg 1200w, https:\/\/www.c-sucre.com\/wp-content\/uploads\/2025\/04\/IMG_3851-200x200.jpeg 200w\" sizes=\"auto, (max-width: 1600px) 100vw, 1600px\" \/><h2 class=\"woocommerce-loop-product__title\">Macarons<\/h2>\n\t<span class=\"price\"><span class=\"woocommerce-Price-amount amount\"><bdi>22<span class=\"woocommerce-Price-currencySymbol\">&#36;<\/span><\/bdi><\/span><\/span>\n<\/a><a href=\"https:\/\/www.c-sucre.com\/fr\/produit\/macarons-fete-des-meres\/\" aria-describedby=\"woocommerce_loop_add_to_cart_link_describedby_3231\" data-quantity=\"1\" class=\"button product_type_simple\" data-product_id=\"3231\" data-product_sku=\"\" aria-label=\"En savoir plus sur &ldquo;Macarons&rdquo;\" rel=\"nofollow\" data-success_message=\"\">Continuer la lecture<\/a>\t<span id=\"woocommerce_loop_add_to_cart_link_describedby_3231\" class=\"screen-reader-text\">\n\t\t\t<\/span>\n<\/li>\n<\/ul>\n<\/div>\n","protected":false},"excerpt":{"rendered":"","protected":false},"author":1,"featured_media":0,"parent":0,"menu_order":0,"comment_status":"closed","ping_status":"closed","template":"page-home.php","meta":{"footnotes":""},"class_list":["post-54","page","type-page","status-publish","hentry"],"jetpack_sharing_enabled":true,"_links":{"self":[{"href":"https:\/\/www.c-sucre.com\/fr\/wp-json\/wp\/v2\/pages\/54","targetHints":{"allow":["GET"]}}],"collection":[{"href":"https:\/\/www.c-sucre.com\/fr\/wp-json\/wp\/v2\/pages"}],"about":[{"href":"https:\/\/www.c-sucre.com\/fr\/wp-json\/wp\/v2\/types\/page"}],"author":[{"embeddable":true,"href":"https:\/\/www.c-sucre.com\/fr\/wp-json\/wp\/v2\/users\/1"}],"replies":[{"embeddable":true,"href":"https:\/\/www.c-sucre.com\/fr\/wp-json\/wp\/v2\/comments?post=54"}],"version-history":[{"count":3,"href":"https:\/\/www.c-sucre.com\/fr\/wp-json\/wp\/v2\/pages\/54\/revisions"}],"predecessor-version":[{"id":200,"href":"https:\/\/www.c-sucre.com\/fr\/wp-json\/wp\/v2\/pages\/54\/revisions\/200"}],"wp:attachment":[{"href":"https:\/\/www.c-sucre.com\/fr\/wp-json\/wp\/v2\/media?parent=54"}],"curies":[{"name":"wp","href":"https:\/\/api.w.org\/{rel}","templated":true}]}}