{"id":3231,"date":"2025-04-29T11:41:07","date_gmt":"2025-04-29T15:41:07","guid":{"rendered":"https:\/\/www.c-sucre.com\/?post_type=product&#038;p=3231"},"modified":"2026-04-28T17:17:46","modified_gmt":"2026-04-28T21:17:46","slug":"macarons-fete-des-meres","status":"publish","type":"product","link":"https:\/\/www.c-sucre.com\/fr\/produit\/macarons-fete-des-meres\/","title":{"rendered":"Macarons"},"content":{"rendered":"<p>Chaque bo\u00eete vient avec 12 macarons, quatre de chacune des saveurs suivantes:<\/p>\n<ul>\n<li>Nutella vanille (mauve)<\/li>\n<li>Caramel sal\u00e9 (rose)<\/li>\n<li>Citron (jaune)<\/li>\n<\/ul>\n<p>Les couleurs des macarons peuvent vari\u00e9es de la photo.<\/p>\n<p>* Ce produit contient des amandes et peut contenir des traces de noix\/arachides.<\/p>\n","protected":false},"excerpt":{"rendered":"<p>Chaque bo\u00eete vient avec 12 macarons, quatre de chacune des saveurs suivantes: Nutella vanille (mauve) Caramel sal\u00e9 (rose) Citron (jaune) Les couleurs des macarons peuvent vari\u00e9es de la photo. * Ce produit contient des amandes et peut contenir des traces de noix\/arachides.<\/p>\n","protected":false},"featured_media":3209,"template":"","meta":[],"product_brand":[],"product_cat":[176,39],"product_tag":[],"class_list":{"0":"post-3231","1":"product","2":"type-product","3":"status-publish","4":"has-post-thumbnail","6":"product_cat-fete-des-meres","7":"product_cat-macarons-fr","9":"first","10":"instock","11":"purchasable","12":"product-type-simple"},"jetpack_sharing_enabled":true,"_links":{"self":[{"href":"https:\/\/www.c-sucre.com\/fr\/wp-json\/wp\/v2\/product\/3231","targetHints":{"allow":["GET"]}}],"collection":[{"href":"https:\/\/www.c-sucre.com\/fr\/wp-json\/wp\/v2\/product"}],"about":[{"href":"https:\/\/www.c-sucre.com\/fr\/wp-json\/wp\/v2\/types\/product"}],"wp:featuredmedia":[{"embeddable":true,"href":"https:\/\/www.c-sucre.com\/fr\/wp-json\/wp\/v2\/media\/3209"}],"wp:attachment":[{"href":"https:\/\/www.c-sucre.com\/fr\/wp-json\/wp\/v2\/media?parent=3231"}],"wp:term":[{"taxonomy":"product_brand","embeddable":true,"href":"https:\/\/www.c-sucre.com\/fr\/wp-json\/wp\/v2\/product_brand?post=3231"},{"taxonomy":"product_cat","embeddable":true,"href":"https:\/\/www.c-sucre.com\/fr\/wp-json\/wp\/v2\/product_cat?post=3231"},{"taxonomy":"product_tag","embeddable":true,"href":"https:\/\/www.c-sucre.com\/fr\/wp-json\/wp\/v2\/product_tag?post=3231"}],"curies":[{"name":"wp","href":"https:\/\/api.w.org\/{rel}","templated":true}]}}