{"id":3239,"date":"2025-04-29T11:45:10","date_gmt":"2025-04-29T15:45:10","guid":{"rendered":"https:\/\/www.c-sucre.com\/?post_type=product&#038;p=3239"},"modified":"2026-04-28T17:20:11","modified_gmt":"2026-04-28T21:20:11","slug":"boite-a-partager-fete-des-meres-theme-fleur","status":"publish","type":"product","link":"https:\/\/www.c-sucre.com\/fr\/produit\/boite-a-partager-fete-des-meres-theme-fleur\/","title":{"rendered":"Bo\u00eete \u00e0 partager F\u00eate des M\u00e8res th\u00e8me fleur"},"content":{"rendered":"<p>Comprend:<\/p>\n<ul>\n<li>2 cupcakes citron \u00ab Bonne F\u00eate des M\u00e8res \u00bb<\/li>\n<li>2 biscuits d\u00e9cor\u00e9s<\/li>\n<li>2 cakesicles vanille<\/li>\n<li>2 macarons au caramel sal\u00e9<\/li>\n<li>2 Oreos recouverts de chocolat<\/li>\n<\/ul>\n<p>* Ce produit peut contenir des traces de noix\/arachides.<\/p>\n","protected":false},"excerpt":{"rendered":"<p>Comprend: 2 cupcakes citron \u00ab Bonne F\u00eate des M\u00e8res \u00bb 2 biscuits d\u00e9cor\u00e9s 2 cakesicles vanille 2 macarons au caramel sal\u00e9 2 Oreos recouverts de chocolat * Ce produit peut contenir des traces de noix\/arachides.<\/p>\n","protected":false},"featured_media":3223,"template":"","meta":[],"product_brand":[],"product_cat":[176],"product_tag":[],"class_list":{"0":"post-3239","1":"product","2":"type-product","3":"status-publish","4":"has-post-thumbnail","6":"product_cat-fete-des-meres","8":"first","9":"instock","10":"purchasable","11":"product-type-variable"},"jetpack_sharing_enabled":true,"_links":{"self":[{"href":"https:\/\/www.c-sucre.com\/fr\/wp-json\/wp\/v2\/product\/3239","targetHints":{"allow":["GET"]}}],"collection":[{"href":"https:\/\/www.c-sucre.com\/fr\/wp-json\/wp\/v2\/product"}],"about":[{"href":"https:\/\/www.c-sucre.com\/fr\/wp-json\/wp\/v2\/types\/product"}],"wp:featuredmedia":[{"embeddable":true,"href":"https:\/\/www.c-sucre.com\/fr\/wp-json\/wp\/v2\/media\/3223"}],"wp:attachment":[{"href":"https:\/\/www.c-sucre.com\/fr\/wp-json\/wp\/v2\/media?parent=3239"}],"wp:term":[{"taxonomy":"product_brand","embeddable":true,"href":"https:\/\/www.c-sucre.com\/fr\/wp-json\/wp\/v2\/product_brand?post=3239"},{"taxonomy":"product_cat","embeddable":true,"href":"https:\/\/www.c-sucre.com\/fr\/wp-json\/wp\/v2\/product_cat?post=3239"},{"taxonomy":"product_tag","embeddable":true,"href":"https:\/\/www.c-sucre.com\/fr\/wp-json\/wp\/v2\/product_tag?post=3239"}],"curies":[{"name":"wp","href":"https:\/\/api.w.org\/{rel}","templated":true}]}}